{"id":2592,"date":"2025-12-22T22:23:22","date_gmt":"2025-12-22T22:23:22","guid":{"rendered":"https:\/\/odkucedodoma.com\/?post_type=product&#038;p=2592"},"modified":"2025-12-22T22:29:08","modified_gmt":"2025-12-22T22:29:08","slug":"polica-visilica","status":"publish","type":"product","link":"https:\/\/odkucedodoma.com\/sr\/\u043f\u0440\u043e\u0438\u0437\u0432\u043e\u0434\/polica-visilica\/","title":{"rendered":"Polica visilica"},"content":{"rendered":"<p data-start=\"98\" data-end=\"365\">Ova zidna polica je izra\u0111ena od <strong data-start=\"130\" data-end=\"153\">jednog komada daske<\/strong> u boji po va\u0161em izboru i savr\u0161eno kombinuje funkcionalnost i dekorativni izgled. Polica se <strong data-start=\"245\" data-end=\"267\">visi pomo\u0107u kanapa<\/strong>, a montira se na zid pomo\u0107u prilo\u017eene kukice, \u0161to omogu\u0107ava jednostavno postavljanje bez alata.<\/p>\n<p data-start=\"367\" data-end=\"678\">Minimalisti\u010dki i elegantan dizajn \u010dini je idealnom za izlaganje sitnica, dekorativnih predmeta ili biljaka, a kanapi dodaju rusti\u010dan i \u0161armantan detalj prostoru. Lagana konstrukcija i opcija razli\u010ditih boja omogu\u0107avaju da se lako uklopi u svaki enterijer, od modernog i skandinavskog do klasi\u010dnog i rusti\u010dnog.<\/p>","protected":false},"excerpt":{"rendered":"<p>Zidna polica od jedne daske u boji po izboru, koja <strong data-start=\"766\" data-end=\"786\">visi na kanapima<\/strong> i ka\u010di se na prilo\u017eenu kukicu. Minimalisti\u010dki dizajn i jednostavna monta\u017ea \u010dine je idealnom za dekoraciju i odlaganje sitnih predmeta<\/p>","protected":false},"featured_media":2596,"template":"","meta":{"_uag_custom_page_level_css":""},"product_brand":[],"product_cat":[43],"product_tag":[],"class_list":{"0":"post-2592","1":"product","2":"type-product","3":"status-publish","4":"has-post-thumbnail","6":"product_cat-zidne-police","8":"first","9":"instock","10":"shipping-taxable","11":"purchasable","12":"product-type-variable"},"uagb_featured_image_src":{"full":["https:\/\/odkucedodoma.com\/wp-content\/uploads\/2025\/12\/d582033d-0f31-4d0a-b449-9301a61808e0_1600x1600.avif",800,800,false],"thumbnail":["https:\/\/odkucedodoma.com\/wp-content\/uploads\/2025\/12\/d582033d-0f31-4d0a-b449-9301a61808e0_1600x1600-150x150.avif",150,150,true],"medium":["https:\/\/odkucedodoma.com\/wp-content\/uploads\/2025\/12\/d582033d-0f31-4d0a-b449-9301a61808e0_1600x1600-300x300.avif",300,300,true],"medium_large":["https:\/\/odkucedodoma.com\/wp-content\/uploads\/2025\/12\/d582033d-0f31-4d0a-b449-9301a61808e0_1600x1600-768x768.avif",768,768,true],"large":["https:\/\/odkucedodoma.com\/wp-content\/uploads\/2025\/12\/d582033d-0f31-4d0a-b449-9301a61808e0_1600x1600.avif",800,800,false],"1536x1536":["https:\/\/odkucedodoma.com\/wp-content\/uploads\/2025\/12\/d582033d-0f31-4d0a-b449-9301a61808e0_1600x1600.avif",800,800,false],"2048x2048":["https:\/\/odkucedodoma.com\/wp-content\/uploads\/2025\/12\/d582033d-0f31-4d0a-b449-9301a61808e0_1600x1600.avif",800,800,false],"trp-custom-language-flag":["https:\/\/odkucedodoma.com\/wp-content\/uploads\/2025\/12\/d582033d-0f31-4d0a-b449-9301a61808e0_1600x1600-12x12.avif",12,12,true],"woocommerce_archive_thumbnail":["https:\/\/odkucedodoma.com\/wp-content\/uploads\/2025\/12\/d582033d-0f31-4d0a-b449-9301a61808e0_1600x1600-300x300.avif",300,300,true],"woocommerce_thumbnail":["https:\/\/odkucedodoma.com\/wp-content\/uploads\/2025\/12\/d582033d-0f31-4d0a-b449-9301a61808e0_1600x1600-300x300.avif",300,300,true],"woocommerce_single":["https:\/\/odkucedodoma.com\/wp-content\/uploads\/2025\/12\/d582033d-0f31-4d0a-b449-9301a61808e0_1600x1600-600x600.avif",600,600,true],"woocommerce_gallery_thumbnail":["https:\/\/odkucedodoma.com\/wp-content\/uploads\/2025\/12\/d582033d-0f31-4d0a-b449-9301a61808e0_1600x1600-100x100.avif",100,100,true]},"uagb_author_info":{"display_name":"jovan ivanovic","author_link":"https:\/\/odkucedodoma.com\/sr\/author\/"},"uagb_comment_info":0,"uagb_excerpt":"Zidna polica od jedne daske u boji po izboru, koja visi na kanapima i ka\u010di se na prilo\u017eenu kukicu. Minimalisti\u010dki dizajn i jednostavna monta\u017ea \u010dine je idealnom za dekoraciju i odlaganje sitnih predmeta","_links":{"self":[{"href":"https:\/\/odkucedodoma.com\/sr\/wp-json\/wp\/v2\/product\/2592","targetHints":{"allow":["GET"]}}],"collection":[{"href":"https:\/\/odkucedodoma.com\/sr\/wp-json\/wp\/v2\/product"}],"about":[{"href":"https:\/\/odkucedodoma.com\/sr\/wp-json\/wp\/v2\/types\/product"}],"wp:featuredmedia":[{"embeddable":true,"href":"https:\/\/odkucedodoma.com\/sr\/wp-json\/wp\/v2\/media\/2596"}],"wp:attachment":[{"href":"https:\/\/odkucedodoma.com\/sr\/wp-json\/wp\/v2\/media?parent=2592"}],"wp:term":[{"taxonomy":"product_brand","embeddable":true,"href":"https:\/\/odkucedodoma.com\/sr\/wp-json\/wp\/v2\/product_brand?post=2592"},{"taxonomy":"product_cat","embeddable":true,"href":"https:\/\/odkucedodoma.com\/sr\/wp-json\/wp\/v2\/product_cat?post=2592"},{"taxonomy":"product_tag","embeddable":true,"href":"https:\/\/odkucedodoma.com\/sr\/wp-json\/wp\/v2\/product_tag?post=2592"}],"curies":[{"name":"wp","href":"https:\/\/api.w.org\/{rel}","templated":true}]}}