{"id":2583,"date":"2025-12-22T22:08:50","date_gmt":"2025-12-22T22:08:50","guid":{"rendered":"https:\/\/odkucedodoma.com\/?post_type=product&#038;p=2583"},"modified":"2025-12-22T22:09:46","modified_gmt":"2025-12-22T22:09:46","slug":"plocasta-polica","status":"publish","type":"product","link":"https:\/\/odkucedodoma.com\/sr\/\u043f\u0440\u043e\u0438\u0437\u0432\u043e\u0434\/plocasta-polica\/","title":{"rendered":"Plo\u010dasta polica"},"content":{"rendered":"<p data-start=\"279\" data-end=\"599\">Ova moderna zidna polica izra\u0111ena je od <strong data-start=\"319\" data-end=\"344\">jedne kompaktne daske<\/strong> i dizajnirana tako da se <strong data-start=\"370\" data-end=\"418\">montira direktno na zid bez vidljivih nosa\u010da<\/strong>, \u010dime se posti\u017ee \u010dist i minimalisti\u010dki izgled. Zahvaljuju\u0107i skrivenom sistemu monta\u017ee, polica deluje kao da \u201elebdi\u201c na zidu i diskretno isti\u010de predmete koji su na njoj postavljeni.<\/p>\n<p data-start=\"601\" data-end=\"851\">Jednostavan dizajn omogu\u0107ava da se lako uklopi u razli\u010dite stilove enterijera \u2013 od modernih i minimalisti\u010dkih do klasi\u010dnih prostora. Idealna je za izlaganje dekoracije, knjiga, fotografija ili drugih omiljenih sitnica, bez vizuelnog optere\u0107enja zida.<\/p>\n<p data-start=\"853\" data-end=\"877\"><strong data-start=\"853\" data-end=\"877\">Dimenzije police su:<\/strong><\/p>\n<ul data-start=\"878\" data-end=\"939\">\n<li data-start=\"878\" data-end=\"898\">\n<p data-start=\"880\" data-end=\"898\">\u0160irina: <strong data-start=\"888\" data-end=\"898\">110 cm<\/strong><\/p>\n<\/li>\n<li data-start=\"899\" data-end=\"918\">\n<p data-start=\"901\" data-end=\"918\">Dubina: <strong data-start=\"909\" data-end=\"918\">26 cm<\/strong><\/p>\n<\/li>\n<li data-start=\"919\" data-end=\"939\">\n<p data-start=\"921\" data-end=\"939\">Debljina: <strong data-start=\"931\" data-end=\"939\">5 cm<\/strong><\/p>\n<\/li>\n<\/ul>\n<p data-start=\"941\" data-end=\"1100\">Polica ima <strong data-start=\"952\" data-end=\"984\">maksimalnu nosivost do 10 kg<\/strong>, \u0161to je \u010dini prakti\u010dnom i stabilnom za svakodnevnu upotrebu u dnevnoj sobi, spava\u0107oj sobi, hodniku ili kancelariji.<\/p>","protected":false},"excerpt":{"rendered":"<p>Minimalisti\u010dka zidna polica od jedne daske sa <strong data-start=\"1181\" data-end=\"1203\">skrivenim nosa\u010dima<\/strong>, koja se vizuelno stapa sa zidom i daje \u201elebde\u0107i\u201c efekat. Idealna za uredno i diskretno izlaganje dekoracije i sitnica.<br data-start=\"1323\" data-end=\"1326\" \/><strong data-start=\"1326\" data-end=\"1340\">Dimenzije:<\/strong> 110 \u00d7 26 \u00d7 5 cm. <strong data-start=\"1358\" data-end=\"1371\">Nosivost:<\/strong> do 10 kg.<\/p>","protected":false},"featured_media":2588,"template":"","meta":{"_uag_custom_page_level_css":""},"product_brand":[],"product_cat":[43],"product_tag":[],"class_list":{"0":"post-2583","1":"product","2":"type-product","3":"status-publish","4":"has-post-thumbnail","6":"product_cat-zidne-police","8":"first","9":"instock","10":"shipping-taxable","11":"purchasable","12":"product-type-variable"},"uagb_featured_image_src":{"full":["https:\/\/odkucedodoma.com\/wp-content\/uploads\/2025\/12\/lack-zidna-polica-belo-b-im-hrastovine__0670316_pe715442_s5.avif",0,0,false],"thumbnail":["https:\/\/odkucedodoma.com\/wp-content\/uploads\/2025\/12\/lack-zidna-polica-belo-b-im-hrastovine__0670316_pe715442_s5.avif",1,1,false],"medium":["https:\/\/odkucedodoma.com\/wp-content\/uploads\/2025\/12\/lack-zidna-polica-belo-b-im-hrastovine__0670316_pe715442_s5.avif",1,1,false],"medium_large":["https:\/\/odkucedodoma.com\/wp-content\/uploads\/2025\/12\/lack-zidna-polica-belo-b-im-hrastovine__0670316_pe715442_s5.avif",1,1,false],"large":["https:\/\/odkucedodoma.com\/wp-content\/uploads\/2025\/12\/lack-zidna-polica-belo-b-im-hrastovine__0670316_pe715442_s5.avif",1,1,false],"1536x1536":["https:\/\/odkucedodoma.com\/wp-content\/uploads\/2025\/12\/lack-zidna-polica-belo-b-im-hrastovine__0670316_pe715442_s5.avif",1,1,false],"2048x2048":["https:\/\/odkucedodoma.com\/wp-content\/uploads\/2025\/12\/lack-zidna-polica-belo-b-im-hrastovine__0670316_pe715442_s5.avif",1,1,false],"trp-custom-language-flag":["https:\/\/odkucedodoma.com\/wp-content\/uploads\/2025\/12\/lack-zidna-polica-belo-b-im-hrastovine__0670316_pe715442_s5.avif",1,1,false],"woocommerce_archive_thumbnail":["https:\/\/odkucedodoma.com\/wp-content\/uploads\/2025\/12\/lack-zidna-polica-belo-b-im-hrastovine__0670316_pe715442_s5.avif",1,1,false],"woocommerce_thumbnail":["https:\/\/odkucedodoma.com\/wp-content\/uploads\/2025\/12\/lack-zidna-polica-belo-b-im-hrastovine__0670316_pe715442_s5.avif",1,1,false],"woocommerce_single":["https:\/\/odkucedodoma.com\/wp-content\/uploads\/2025\/12\/lack-zidna-polica-belo-b-im-hrastovine__0670316_pe715442_s5.avif",1,1,false],"woocommerce_gallery_thumbnail":["https:\/\/odkucedodoma.com\/wp-content\/uploads\/2025\/12\/lack-zidna-polica-belo-b-im-hrastovine__0670316_pe715442_s5.avif",1,1,false]},"uagb_author_info":{"display_name":"jovan ivanovic","author_link":"https:\/\/odkucedodoma.com\/sr\/author\/"},"uagb_comment_info":0,"uagb_excerpt":"Minimalisti\u010dka zidna polica od jedne daske sa skrivenim nosa\u010dima, koja se vizuelno stapa sa zidom i daje \u201elebde\u0107i\u201c efekat. Idealna za uredno i diskretno izlaganje dekoracije i sitnica.Dimenzije: 110 \u00d7 26 \u00d7 5 cm. Nosivost: do 10 kg.","_links":{"self":[{"href":"https:\/\/odkucedodoma.com\/sr\/wp-json\/wp\/v2\/product\/2583","targetHints":{"allow":["GET"]}}],"collection":[{"href":"https:\/\/odkucedodoma.com\/sr\/wp-json\/wp\/v2\/product"}],"about":[{"href":"https:\/\/odkucedodoma.com\/sr\/wp-json\/wp\/v2\/types\/product"}],"wp:featuredmedia":[{"embeddable":true,"href":"https:\/\/odkucedodoma.com\/sr\/wp-json\/wp\/v2\/media\/2588"}],"wp:attachment":[{"href":"https:\/\/odkucedodoma.com\/sr\/wp-json\/wp\/v2\/media?parent=2583"}],"wp:term":[{"taxonomy":"product_brand","embeddable":true,"href":"https:\/\/odkucedodoma.com\/sr\/wp-json\/wp\/v2\/product_brand?post=2583"},{"taxonomy":"product_cat","embeddable":true,"href":"https:\/\/odkucedodoma.com\/sr\/wp-json\/wp\/v2\/product_cat?post=2583"},{"taxonomy":"product_tag","embeddable":true,"href":"https:\/\/odkucedodoma.com\/sr\/wp-json\/wp\/v2\/product_tag?post=2583"}],"curies":[{"name":"wp","href":"https:\/\/api.w.org\/{rel}","templated":true}]}}