{"id":2576,"date":"2025-12-22T21:51:38","date_gmt":"2025-12-22T21:51:38","guid":{"rendered":"https:\/\/odkucedodoma.com\/?post_type=product&#038;p=2576"},"modified":"2025-12-22T21:51:38","modified_gmt":"2025-12-22T21:51:38","slug":"pomocni-stocic-laki","status":"publish","type":"product","link":"https:\/\/odkucedodoma.com\/sr\/\u043f\u0440\u043e\u0438\u0437\u0432\u043e\u0434\/pomocni-stocic-laki\/","title":{"rendered":"Pomo\u0107ni sto\u010di\u0107-LAKi"},"content":{"rendered":"<p data-start=\"303\" data-end=\"550\">Ovaj pomo\u0107ni sto jednostavnog i modernog dizajna savr\u0161eno se uklapa u razli\u010dite prostore i stilove enterijera. Zahvaljuju\u0107i \u010distim linijama i neutralnom izgledu, lako se kombinuje sa postoje\u0107im name\u0161tajem u dnevnoj sobi, spava\u0107oj sobi ili hodniku.<\/p>\n<p data-start=\"552\" data-end=\"814\">Sto je izra\u0111en od laganih materijala sa unutra\u0161njom strukturom koja obezbe\u0111uje stabilnost, ali ujedno omogu\u0107ava da se lako prenosi i pomera po prostoru. Idealan je kao sto\u010di\u0107 pored sofe, no\u0107ni sto ili dodatna povr\u0161ina za odlaganje knjiga, dekoracije ili sitnica.<\/p>\n<p data-start=\"816\" data-end=\"1150\">Jednostavan je za sklapanje i ne zahteva posebno iskustvo ili dodatne alate. Mo\u017ee se koristiti samostalno, ali i u kombinaciji sa manjim stolom iz iste serije, \u010dime se dobija prakti\u010dan set stolova razli\u010ditih visina. Tako\u0111e se lako uklapa sa policama i drugim modularnim komadima name\u0161taja, omogu\u0107avaju\u0107i fleksibilno ure\u0111enje prostora.<\/p>","protected":false},"excerpt":{"rendered":"<p data-start=\"1185\" data-end=\"1430\">Prakti\u010dan i lagan pomo\u0107ni sto modernog dizajna, pogodan za razli\u010dite namene u domu. Jednostavan za sklapanje, lako se pomera i mo\u017ee se koristiti samostalno ili u kombinaciji sa drugim stolovima iz iste serije. Idealan za dnevnu ili spava\u0107u sobu.<\/p>","protected":false},"featured_media":2581,"template":"","meta":{"_uag_custom_page_level_css":""},"product_brand":[],"product_cat":[51],"product_tag":[],"class_list":{"0":"post-2576","1":"product","2":"type-product","3":"status-publish","4":"has-post-thumbnail","6":"product_cat-stocici","8":"first","9":"instock","10":"shipping-taxable","11":"purchasable","12":"product-type-variable"},"uagb_featured_image_src":{"full":["https:\/\/odkucedodoma.com\/wp-content\/uploads\/2025\/12\/61dPm4PGlrL._AC_UF10001000_QL80_.jpg",1000,1000,false],"thumbnail":["https:\/\/odkucedodoma.com\/wp-content\/uploads\/2025\/12\/61dPm4PGlrL._AC_UF10001000_QL80_-150x150.jpg",150,150,true],"medium":["https:\/\/odkucedodoma.com\/wp-content\/uploads\/2025\/12\/61dPm4PGlrL._AC_UF10001000_QL80_-300x300.jpg",300,300,true],"medium_large":["https:\/\/odkucedodoma.com\/wp-content\/uploads\/2025\/12\/61dPm4PGlrL._AC_UF10001000_QL80_-768x768.jpg",768,768,true],"large":["https:\/\/odkucedodoma.com\/wp-content\/uploads\/2025\/12\/61dPm4PGlrL._AC_UF10001000_QL80_.jpg",1000,1000,false],"1536x1536":["https:\/\/odkucedodoma.com\/wp-content\/uploads\/2025\/12\/61dPm4PGlrL._AC_UF10001000_QL80_.jpg",1000,1000,false],"2048x2048":["https:\/\/odkucedodoma.com\/wp-content\/uploads\/2025\/12\/61dPm4PGlrL._AC_UF10001000_QL80_.jpg",1000,1000,false],"trp-custom-language-flag":["https:\/\/odkucedodoma.com\/wp-content\/uploads\/2025\/12\/61dPm4PGlrL._AC_UF10001000_QL80_-12x12.jpg",12,12,true],"woocommerce_archive_thumbnail":["https:\/\/odkucedodoma.com\/wp-content\/uploads\/2025\/12\/61dPm4PGlrL._AC_UF10001000_QL80_-300x300.jpg",300,300,true],"woocommerce_thumbnail":["https:\/\/odkucedodoma.com\/wp-content\/uploads\/2025\/12\/61dPm4PGlrL._AC_UF10001000_QL80_-300x300.jpg",300,300,true],"woocommerce_single":["https:\/\/odkucedodoma.com\/wp-content\/uploads\/2025\/12\/61dPm4PGlrL._AC_UF10001000_QL80_-600x600.jpg",600,600,true],"woocommerce_gallery_thumbnail":["https:\/\/odkucedodoma.com\/wp-content\/uploads\/2025\/12\/61dPm4PGlrL._AC_UF10001000_QL80_-100x100.jpg",100,100,true]},"uagb_author_info":{"display_name":"jovan ivanovic","author_link":"https:\/\/odkucedodoma.com\/sr\/author\/"},"uagb_comment_info":0,"uagb_excerpt":"Prakti\u010dan i lagan pomo\u0107ni sto modernog dizajna, pogodan za razli\u010dite namene u domu. Jednostavan za sklapanje, lako se pomera i mo\u017ee se koristiti samostalno ili u kombinaciji sa drugim stolovima iz iste serije. Idealan za dnevnu ili spava\u0107u sobu.","_links":{"self":[{"href":"https:\/\/odkucedodoma.com\/sr\/wp-json\/wp\/v2\/product\/2576","targetHints":{"allow":["GET"]}}],"collection":[{"href":"https:\/\/odkucedodoma.com\/sr\/wp-json\/wp\/v2\/product"}],"about":[{"href":"https:\/\/odkucedodoma.com\/sr\/wp-json\/wp\/v2\/types\/product"}],"wp:featuredmedia":[{"embeddable":true,"href":"https:\/\/odkucedodoma.com\/sr\/wp-json\/wp\/v2\/media\/2581"}],"wp:attachment":[{"href":"https:\/\/odkucedodoma.com\/sr\/wp-json\/wp\/v2\/media?parent=2576"}],"wp:term":[{"taxonomy":"product_brand","embeddable":true,"href":"https:\/\/odkucedodoma.com\/sr\/wp-json\/wp\/v2\/product_brand?post=2576"},{"taxonomy":"product_cat","embeddable":true,"href":"https:\/\/odkucedodoma.com\/sr\/wp-json\/wp\/v2\/product_cat?post=2576"},{"taxonomy":"product_tag","embeddable":true,"href":"https:\/\/odkucedodoma.com\/sr\/wp-json\/wp\/v2\/product_tag?post=2576"}],"curies":[{"name":"wp","href":"https:\/\/api.w.org\/{rel}","templated":true}]}}