{"id":2568,"date":"2025-12-22T21:21:27","date_gmt":"2025-12-22T21:21:27","guid":{"rendered":"https:\/\/odkucedodoma.com\/?post_type=product&#038;p=2568"},"modified":"2025-12-22T21:29:00","modified_gmt":"2025-12-22T21:29:00","slug":"akrilne-police","status":"publish","type":"product","link":"https:\/\/odkucedodoma.com\/sr\/\u043f\u0440\u043e\u0438\u0437\u0432\u043e\u0434\/akrilne-police\/","title":{"rendered":"Akrilne police"},"content":{"rendered":"<p data-start=\"168\" data-end=\"403\">Akrilne zidne police su idealno re\u0161enje za <strong data-start=\"211\" data-end=\"230\">u\u0161tedu prostora<\/strong> i postizanje <strong data-start=\"244\" data-end=\"273\">urednog, modernog izgleda<\/strong> doma. Zahvaljuju\u0107i svom minimalisti\u010dkom i providnom dizajnu, lako se uklapaju u svaki enterijer i vizuelno ne optere\u0107uju prostor.<\/p>\n<p data-start=\"405\" data-end=\"687\">Izra\u0111ene su od <strong data-start=\"420\" data-end=\"451\">kvalitetnog, debelog akrila<\/strong>, koji je \u010dvrst i dugotrajan. Kada su pravilno zalepljene na zid, police mogu da nose do <strong data-start=\"540\" data-end=\"548\">3 kg<\/strong> te\u017eine. Svi rubovi su pa\u017eljivo obra\u0111eni radi bezbednosti, dok <strong data-start=\"611\" data-end=\"647\">za\u0161titna ivica sa prednje strane<\/strong> spre\u010dava da predmeti skliznu ili padnu.<\/p>\n<p data-start=\"689\" data-end=\"900\">Police se mogu <strong data-start=\"699\" data-end=\"726\">postaviti bez bu\u0161enja<\/strong>, pomo\u0107u lepljive trake, \u0161to ih \u010dini savr\u0161enim izborom za stanove, iznajmljene prostore i zidove koje ne \u017eelite da o\u0161tetite. Monta\u017ea je brza i jednostavna, bez alata i nereda. Ili pak, za oni oprezniji imaju mogu\u0107nost \u0161rafljenja polica u zid, koju tako\u0111e dobijate.<\/p>\n<p data-start=\"902\" data-end=\"1121\">Dostupne su u <strong data-start=\"916\" data-end=\"964\">vi\u0161e dimenzija \u2013 20 cm, 30 cm i 40 cm<\/strong>, pa ih mo\u017eete prilagoditi razli\u010ditim potrebama. Idealne su za izlaganje dekoracije, kozmetike, za\u010dina, knjiga, kolekcionarskih predmeta ili de\u010djih igra\u010daka.<\/p>\n<p data-start=\"1123\" data-end=\"1295\">Ove nevidljive akrilne police su pogodne za <strong data-start=\"1167\" data-end=\"1228\">dnevnu sobu, spava\u0107u sobu, kupatilo, kuhinju i de\u010dju sobu<\/strong>, jer osim prakti\u010dne funkcije, prostoru daju \u010dist i moderan izgled.<\/p>","protected":false},"excerpt":{"rendered":"<p>Akrilne zidne police modernog i diskretnog dizajna, idealne za u\u0161tedu prostora i uredno odlaganje. Mogu se montirati lepljenjem ili \u0161rafljenjem na zid, bez ili sa bu\u0161enjem, u zavisnosti od potrebe. Izra\u0111ene su od kvalitetnog akrila, nose do 3 kg i dostupne su u du\u017einama 20, 30 i 40 cm. Cena se odnosi na jedan komad.<\/p>","protected":false},"featured_media":2572,"template":"","meta":{"_uag_custom_page_level_css":""},"product_brand":[],"product_cat":[43],"product_tag":[],"class_list":{"0":"post-2568","1":"product","2":"type-product","3":"status-publish","4":"has-post-thumbnail","6":"product_cat-zidne-police","8":"first","9":"instock","10":"shipping-taxable","11":"purchasable","12":"product-type-variable"},"uagb_featured_image_src":{"full":["https:\/\/odkucedodoma.com\/wp-content\/uploads\/2025\/12\/0e4528cf7c734013959aabd2e76dd35f-goods.avif",800,800,false],"thumbnail":["https:\/\/odkucedodoma.com\/wp-content\/uploads\/2025\/12\/0e4528cf7c734013959aabd2e76dd35f-goods-150x150.avif",150,150,true],"medium":["https:\/\/odkucedodoma.com\/wp-content\/uploads\/2025\/12\/0e4528cf7c734013959aabd2e76dd35f-goods-300x300.avif",300,300,true],"medium_large":["https:\/\/odkucedodoma.com\/wp-content\/uploads\/2025\/12\/0e4528cf7c734013959aabd2e76dd35f-goods-768x768.avif",768,768,true],"large":["https:\/\/odkucedodoma.com\/wp-content\/uploads\/2025\/12\/0e4528cf7c734013959aabd2e76dd35f-goods.avif",800,800,false],"1536x1536":["https:\/\/odkucedodoma.com\/wp-content\/uploads\/2025\/12\/0e4528cf7c734013959aabd2e76dd35f-goods.avif",800,800,false],"2048x2048":["https:\/\/odkucedodoma.com\/wp-content\/uploads\/2025\/12\/0e4528cf7c734013959aabd2e76dd35f-goods.avif",800,800,false],"trp-custom-language-flag":["https:\/\/odkucedodoma.com\/wp-content\/uploads\/2025\/12\/0e4528cf7c734013959aabd2e76dd35f-goods-12x12.avif",12,12,true],"woocommerce_archive_thumbnail":["https:\/\/odkucedodoma.com\/wp-content\/uploads\/2025\/12\/0e4528cf7c734013959aabd2e76dd35f-goods-300x300.avif",300,300,true],"woocommerce_thumbnail":["https:\/\/odkucedodoma.com\/wp-content\/uploads\/2025\/12\/0e4528cf7c734013959aabd2e76dd35f-goods-300x300.avif",300,300,true],"woocommerce_single":["https:\/\/odkucedodoma.com\/wp-content\/uploads\/2025\/12\/0e4528cf7c734013959aabd2e76dd35f-goods-600x600.avif",600,600,true],"woocommerce_gallery_thumbnail":["https:\/\/odkucedodoma.com\/wp-content\/uploads\/2025\/12\/0e4528cf7c734013959aabd2e76dd35f-goods-100x100.avif",100,100,true]},"uagb_author_info":{"display_name":"jovan ivanovic","author_link":"https:\/\/odkucedodoma.com\/sr\/author\/"},"uagb_comment_info":0,"uagb_excerpt":"Akrilne zidne police modernog i diskretnog dizajna, idealne za u\u0161tedu prostora i uredno odlaganje. Mogu se montirati lepljenjem ili \u0161rafljenjem na zid, bez ili sa bu\u0161enjem, u zavisnosti od potrebe. Izra\u0111ene su od kvalitetnog akrila, nose do 3 kg i dostupne su u du\u017einama 20, 30 i 40 cm. Cena se odnosi na jedan komad.","_links":{"self":[{"href":"https:\/\/odkucedodoma.com\/sr\/wp-json\/wp\/v2\/product\/2568","targetHints":{"allow":["GET"]}}],"collection":[{"href":"https:\/\/odkucedodoma.com\/sr\/wp-json\/wp\/v2\/product"}],"about":[{"href":"https:\/\/odkucedodoma.com\/sr\/wp-json\/wp\/v2\/types\/product"}],"wp:featuredmedia":[{"embeddable":true,"href":"https:\/\/odkucedodoma.com\/sr\/wp-json\/wp\/v2\/media\/2572"}],"wp:attachment":[{"href":"https:\/\/odkucedodoma.com\/sr\/wp-json\/wp\/v2\/media?parent=2568"}],"wp:term":[{"taxonomy":"product_brand","embeddable":true,"href":"https:\/\/odkucedodoma.com\/sr\/wp-json\/wp\/v2\/product_brand?post=2568"},{"taxonomy":"product_cat","embeddable":true,"href":"https:\/\/odkucedodoma.com\/sr\/wp-json\/wp\/v2\/product_cat?post=2568"},{"taxonomy":"product_tag","embeddable":true,"href":"https:\/\/odkucedodoma.com\/sr\/wp-json\/wp\/v2\/product_tag?post=2568"}],"curies":[{"name":"wp","href":"https:\/\/api.w.org\/{rel}","templated":true}]}}