{"id":2527,"date":"2025-12-18T14:44:10","date_gmt":"2025-12-18T14:44:10","guid":{"rendered":"https:\/\/odkucedodoma.com\/?page_id=2527"},"modified":"2025-12-18T14:57:41","modified_gmt":"2025-12-18T14:57:41","slug":"vazna-obavestenja","status":"publish","type":"page","link":"https:\/\/odkucedodoma.com\/sr\/vazna-obavestenja\/","title":{"rendered":"Va\u017ena obave\u0161tenja"},"content":{"rendered":"<div data-elementor-type=\"wp-page\" data-elementor-id=\"2527\" class=\"elementor elementor-2527\">\n\t\t\t\t<div class=\"elementor-element elementor-element-4b091b8 e-flex e-con-boxed wpr-particle-no wpr-jarallax-no wpr-parallax-no wpr-sticky-section-no e-con e-parent\" data-id=\"4b091b8\" data-element_type=\"container\" data-settings=\"{&quot;background_background&quot;:&quot;classic&quot;}\">\n\t\t\t\t\t<div class=\"e-con-inner\">\n\t\t\t\t<div class=\"elementor-element elementor-element-41dc9d0 elementor-widget elementor-widget-heading\" data-id=\"41dc9d0\" data-element_type=\"widget\" data-widget_type=\"heading.default\">\n\t\t\t\t<div class=\"elementor-widget-container\">\n\t\t\t\t\t<h2 class=\"elementor-heading-title elementor-size-default\">Va\u017eno je da znam...<\/h2>\t\t\t\t<\/div>\n\t\t\t\t<\/div>\n\t\t\t\t\t<\/div>\n\t\t\t\t<\/div>\n\t\t<div class=\"elementor-element elementor-element-2e3c47b e-flex e-con-boxed wpr-particle-no wpr-jarallax-no wpr-parallax-no wpr-sticky-section-no e-con e-parent\" data-id=\"2e3c47b\" data-element_type=\"container\">\n\t\t\t\t\t<div class=\"e-con-inner\">\n\t\t\t\t<div class=\"elementor-element elementor-element-f9a345b elementor-widget elementor-widget-text-editor\" data-id=\"f9a345b\" data-element_type=\"widget\" data-widget_type=\"text-editor.default\">\n\t\t\t\t<div class=\"elementor-widget-container\">\n\t\t\t\t\t\t\t\t\t<h2 data-start=\"173\" data-end=\"208\">Reklamacije i povra\u0107aj proizvoda<\/h2><p data-start=\"210\" data-end=\"380\">Kupac ima pravo na reklamaciju ili povra\u0107aj proizvoda <strong data-start=\"264\" data-end=\"296\">u roku od 14 dana od prijema<\/strong>, ukoliko proizvod <strong data-start=\"315\" data-end=\"342\">ne ispunjava o\u010dekivanja<\/strong> ili je <strong data-start=\"350\" data-end=\"379\">o\u0161te\u0107en prilikom isporuke<\/strong>.<\/p><p data-start=\"382\" data-end=\"401\">Proizvod mora biti:<\/p><ul data-start=\"402\" data-end=\"486\"><li data-start=\"402\" data-end=\"416\"><p data-start=\"404\" data-end=\"416\">nekori\u0161\u0107en<\/p><\/li><li data-start=\"417\" data-end=\"441\"><p data-start=\"419\" data-end=\"441\">u originalnom stanju<\/p><\/li><li data-start=\"442\" data-end=\"486\"><p data-start=\"444\" data-end=\"486\">sa originalnom ambala\u017eom (ukoliko postoji)<\/p><\/li><\/ul><p data-start=\"488\" data-end=\"583\">Tro\u0161kove povra\u0107aja snosi kupac, osim u slu\u010daju da je proizvod isporu\u010den o\u0161te\u0107en ili neispravan.<\/p><hr data-start=\"585\" data-end=\"588\" \/><h2 data-start=\"590\" data-end=\"607\">Izrada po meri<\/h2><p data-start=\"609\" data-end=\"741\">Pored standardne ponude, nudimo i <strong data-start=\"643\" data-end=\"671\">izradu proizvoda po meri<\/strong>, u skladu sa va\u0161im \u017eeljama i potrebama (dimenzije, boje, materijali).<\/p><p data-start=\"743\" data-end=\"867\">Za proizvode ra\u0111ene <strong data-start=\"763\" data-end=\"780\">po meri kupca<\/strong>, povra\u0107aj i reklamacija <strong data-start=\"805\" data-end=\"820\">nisu mogu\u0107i<\/strong>, osim u slu\u010daju o\u0161te\u0107enja ili gre\u0161ke u izradi.<\/p><p data-start=\"869\" data-end=\"953\">Za dogovor oko izrade po meri, kontaktirajte nas putem e-maila ili dru\u0161tvenih mre\u017ea.<\/p><hr data-start=\"955\" data-end=\"958\" \/><h2 data-start=\"960\" data-end=\"997\">Saradnja i prodaja va\u0161ih proizvoda<\/h2><p data-start=\"999\" data-end=\"1142\">Ukoliko imate sopstvene proizvode za dom i enterijer i \u017eelite da ih <strong data-start=\"1067\" data-end=\"1115\">plasirate putem na\u0161eg sajta i kanala prodaje<\/strong>, otvoreni smo za saradnju.<\/p><p data-start=\"1144\" data-end=\"1161\">Nudimo mogu\u0107nost:<\/p><ul data-start=\"1162\" data-end=\"1228\"><li data-start=\"1162\" data-end=\"1184\"><p data-start=\"1164\" data-end=\"1184\">zajedni\u010dke prodaje<\/p><\/li><li data-start=\"1185\" data-end=\"1208\"><p data-start=\"1187\" data-end=\"1208\">promocije proizvoda<\/p><\/li><li data-start=\"1209\" data-end=\"1228\"><p data-start=\"1211\" data-end=\"1228\">pro\u0161irenja ponude<\/p><\/li><\/ul><p data-start=\"1230\" data-end=\"1289\">Za vi\u0161e informacija o saradnji, slobodno nas kontaktirajte.<\/p>\t\t\t\t\t\t\t\t<\/div>\n\t\t\t\t<\/div>\n\t\t\t\t\t<\/div>\n\t\t\t\t<\/div>\n\t\t\t\t<\/div>","protected":false},"excerpt":{"rendered":"<p>Va\u017eno je da znam&#8230; Reklamacije i povra\u0107aj proizvoda Kupac ima pravo na reklamaciju ili povra\u0107aj proizvoda u roku od 14 dana od prijema, ukoliko proizvod ne ispunjava o\u010dekivanja ili je o\u0161te\u0107en prilikom isporuke. Proizvod mora biti: nekori\u0161\u0107en u originalnom stanju sa originalnom ambala\u017eom (ukoliko postoji) Tro\u0161kove povra\u0107aja snosi kupac, osim u slu\u010daju da je proizvod isporu\u010den o\u0161te\u0107en ili neispravan. Izrada po meri Pored standardne ponude, nudimo i izradu proizvoda po meri, u skladu sa va\u0161im \u017eeljama i potrebama (dimenzije, boje, materijali). Za proizvode ra\u0111ene po meri kupca, povra\u0107aj i reklamacija nisu mogu\u0107i, osim u slu\u010daju o\u0161te\u0107enja ili gre\u0161ke u izradi. Za dogovor oko izrade po meri, kontaktirajte nas putem e-maila ili dru\u0161tvenih mre\u017ea. Saradnja i prodaja va\u0161ih proizvoda Ukoliko imate sopstvene proizvode za dom i enterijer i \u017eelite da ih plasirate putem na\u0161eg sajta i kanala prodaje, otvoreni smo za saradnju. Nudimo mogu\u0107nost: zajedni\u010dke prodaje promocije proizvoda pro\u0161irenja ponude Za vi\u0161e informacija o saradnji, slobodno nas kontaktirajte.<\/p>","protected":false},"author":1,"featured_media":0,"parent":0,"menu_order":0,"comment_status":"closed","ping_status":"closed","template":"","meta":{"_uag_custom_page_level_css":"","footnotes":""},"class_list":["post-2527","page","type-page","status-publish","hentry"],"blocksy_meta":[],"_hostinger_reach_plugin_has_subscription_block":false,"_hostinger_reach_plugin_is_elementor":false,"uagb_featured_image_src":{"full":false,"thumbnail":false,"medium":false,"medium_large":false,"large":false,"1536x1536":false,"2048x2048":false,"trp-custom-language-flag":false,"woocommerce_archive_thumbnail":false,"woocommerce_thumbnail":false,"woocommerce_single":false,"woocommerce_gallery_thumbnail":false},"uagb_author_info":{"display_name":"jovan ivanovic","author_link":"https:\/\/odkucedodoma.com\/sr\/author\/master-miner-994gmail-com\/"},"uagb_comment_info":0,"uagb_excerpt":"Va\u017eno je da znam&#8230; Reklamacije i povra\u0107aj proizvoda Kupac ima pravo na reklamaciju ili povra\u0107aj proizvoda u roku od 14 dana od prijema, ukoliko proizvod ne ispunjava o\u010dekivanja ili je o\u0161te\u0107en prilikom isporuke. Proizvod mora biti: nekori\u0161\u0107en u originalnom stanju sa originalnom ambala\u017eom (ukoliko postoji) Tro\u0161kove povra\u0107aja snosi kupac, osim u slu\u010daju da je proizvod&hellip;","_links":{"self":[{"href":"https:\/\/odkucedodoma.com\/sr\/wp-json\/wp\/v2\/pages\/2527","targetHints":{"allow":["GET"]}}],"collection":[{"href":"https:\/\/odkucedodoma.com\/sr\/wp-json\/wp\/v2\/pages"}],"about":[{"href":"https:\/\/odkucedodoma.com\/sr\/wp-json\/wp\/v2\/types\/page"}],"author":[{"embeddable":true,"href":"https:\/\/odkucedodoma.com\/sr\/wp-json\/wp\/v2\/users\/1"}],"replies":[{"embeddable":true,"href":"https:\/\/odkucedodoma.com\/sr\/wp-json\/wp\/v2\/comments?post=2527"}],"version-history":[{"count":4,"href":"https:\/\/odkucedodoma.com\/sr\/wp-json\/wp\/v2\/pages\/2527\/revisions"}],"predecessor-version":[{"id":2532,"href":"https:\/\/odkucedodoma.com\/sr\/wp-json\/wp\/v2\/pages\/2527\/revisions\/2532"}],"wp:attachment":[{"href":"https:\/\/odkucedodoma.com\/sr\/wp-json\/wp\/v2\/media?parent=2527"}],"curies":[{"name":"wp","href":"https:\/\/api.w.org\/{rel}","templated":true}]}}